{"id":48,"date":"2024-07-22T11:08:19","date_gmt":"2024-07-22T11:08:19","guid":{"rendered":"https:\/\/gpoint.yunethosting.rs\/?page_id=48"},"modified":"2024-08-23T00:13:49","modified_gmt":"2024-08-22T22:13:49","slug":"filmska-i-tv-produkcija","status":"publish","type":"page","link":"https:\/\/gpoint.yunethosting.rs\/index.php\/filmska-i-tv-produkcija\/","title":{"rendered":"FILMSKA I TV PRODUKCIJA"},"content":{"rendered":"<p>[et_pb_section fb_built=&#8221;1&#8243; fullwidth=&#8221;on&#8221; _builder_version=&#8221;4.23.4&#8243; _module_preset=&#8221;default&#8221; global_colors_info=&#8221;{}&#8221;][et_pb_fullwidth_image src=&#8221;https:\/\/gpoint.yunethosting.rs\/wp-content\/uploads\/2024\/07\/heder-G-Point.jpg&#8221; title_text=&#8221;heder G Point&#8221; _builder_version=&#8221;4.23.4&#8243; _module_preset=&#8221;default&#8221; global_colors_info=&#8221;{}&#8221;][\/et_pb_fullwidth_image][\/et_pb_section][et_pb_section fb_built=&#8221;1&#8243; _builder_version=&#8221;4.16&#8243; locked=&#8221;off&#8221; global_colors_info=&#8221;{}&#8221;][et_pb_row column_structure=&#8221;3_4,1_4&#8243; _builder_version=&#8221;4.16&#8243; background_size=&#8221;initial&#8221; background_position=&#8221;top_left&#8221; background_repeat=&#8221;repeat&#8221; global_colors_info=&#8221;{}&#8221;][et_pb_column type=&#8221;3_4&#8243; _builder_version=&#8221;4.16&#8243; custom_padding=&#8221;|||&#8221; global_colors_info=&#8221;{}&#8221; custom_padding__hover=&#8221;|||&#8221;][et_pb_text _builder_version=&#8221;4.27.0&#8243; background_size=&#8221;initial&#8221; background_position=&#8221;top_left&#8221; background_repeat=&#8221;repeat&#8221; global_colors_info=&#8221;{}&#8221;]<!-- divi:paragraph --><\/p>\n<h1 style=\"text-align: justify;\">FILMSKA I TV PRODUKCIJA<\/h1>\n<p style=\"text-align: justify;\">G Point je registrovan za filmsku i TV produkciju. Koristimo savremenu tehniku, snimamo u 4K rezoluciji kamkorderima sa Leica Dicomar objektivima, dronom i kori\u0161\u0107enjem Ronina, a postprodukciju realizuju na\u0111i stru\u010dnjaci sa vi\u0161edecenijskim sta\u017eom.<\/p>\n<p style=\"text-align: justify;\">TV produkcija G Pointa obuhvata dve TV emisije: emisiju <a href=\"https:\/\/youtu.be\/kFt7E_ApDJ4?si=6yRFa4g5zL74WiET\">&#8220;Balkanorama&#8221;<\/a> posve\u0107enu turizmu i, u saradnji sa TV Subotica, TV emisiju <a href=\"https:\/\/youtu.be\/8xJ5_w5uh3o?si=cbpFaaYtsEJd3HcQ\">&#8220;Neke va\u017ene stvari tu oko nas&#8221;<\/a>, edukativno-informativnu emisiju posve\u0107enu svakodnevnim temama koje interesuju &#8220;prose\u010dnog TV gledaoca. Ove emisije se emituju u programima 21 TV stanice &#8220;Vojvo\u0111anske TV mre\u017ee&#8221;. Filmsku produkciju karakteri\u0161u promo filmovi, audio i vizuelni medijski sadr\u017eaji vezani za medijske projekte.<\/p>\n<p style=\"text-align: justify;\">G Point snima medijske sadr\u017eaje vezane za medijsko pra\u0107enje klijenata, ali i za sopstvene medijske projekte sufinansirane od strane nadle\u017enih institucija i, uslu\u017eno, za medijske projekte drugih pravnih lica. U postprodukciji objedinjujemo, po potrebi, i vi\u0161ejezi\u010dne medijske sadr\u017eaje.<br \/>Cena ovih usluga se formira za svaki projekat posebno, u zaviosnosti od tro\u0161kova neophodnih za njegovu realizaciju.<\/p>\n<p><!-- \/divi:paragraph -->[\/et_pb_text][\/et_pb_column][et_pb_column type=&#8221;1_4&#8243; _builder_version=&#8221;4.16&#8243; custom_padding=&#8221;|||&#8221; global_colors_info=&#8221;{}&#8221; custom_padding__hover=&#8221;|||&#8221;][et_pb_image src=&#8221;https:\/\/gpoint.yunethosting.rs\/wp-content\/uploads\/2024\/07\/filmska-i-TV-produkcija.jpg&#8221; title_text=&#8221;filmska i TV produkcija&#8221; _builder_version=&#8221;4.27.0&#8243; _module_preset=&#8221;default&#8221; global_colors_info=&#8221;{}&#8221;][\/et_pb_image][et_pb_image src=&#8221;https:\/\/gpoint.yunethosting.rs\/wp-content\/uploads\/2024\/07\/istn.jpeg&#8221; title_text=&#8221;istn&#8221; url=&#8221;https:\/\/istnews.com\/&#8221; url_new_window=&#8221;on&#8221; disabled_on=&#8221;off|off|off&#8221; _builder_version=&#8221;4.27.0&#8243; _module_preset=&#8221;default&#8221; global_colors_info=&#8221;{}&#8221;][\/et_pb_image][\/et_pb_column][\/et_pb_row][\/et_pb_section]<\/p>\n","protected":false},"excerpt":{"rendered":"<p>FILMSKA I TV PRODUKCIJA G Point je registrovan za filmsku i TV produkciju. Koristimo savremenu tehniku, snimamo u 4K rezoluciji kamkorderima sa Leica Dicomar objektivima, dronom i kori\u0161\u0107enjem Ronina, a postprodukciju realizuju na\u0111i stru\u010dnjaci sa vi\u0161edecenijskim sta\u017eom. TV produkcija G Pointa obuhvata dve TV emisije: emisiju &#8220;Balkanorama&#8221; posve\u0107enu turizmu i, u saradnji sa TV Subotica, [&hellip;]<\/p>\n","protected":false},"author":2,"featured_media":0,"parent":0,"menu_order":0,"comment_status":"closed","ping_status":"closed","template":"","meta":{"_et_pb_use_builder":"on","_et_pb_old_content":"","_et_gb_content_width":"","footnotes":""},"class_list":["post-48","page","type-page","status-publish","hentry"],"yoast_head":"<!-- This site is optimized with the Yoast SEO plugin v23.3 - https:\/\/yoast.com\/wordpress\/plugins\/seo\/ -->\n<title>FILMSKA I TV PRODUKCIJA - G POINT<\/title>\n<meta name=\"robots\" content=\"index, follow, max-snippet:-1, max-image-preview:large, max-video-preview:-1\" \/>\n<link rel=\"canonical\" href=\"https:\/\/gpoint.yunethosting.rs\/index.php\/filmska-i-tv-produkcija\/\" \/>\n<meta property=\"og:locale\" content=\"en_US\" \/>\n<meta property=\"og:type\" content=\"article\" \/>\n<meta property=\"og:title\" content=\"FILMSKA I TV PRODUKCIJA - G POINT\" \/>\n<meta property=\"og:description\" content=\"FILMSKA I TV PRODUKCIJA G Point je registrovan za filmsku i TV produkciju. Koristimo savremenu tehniku, snimamo u 4K rezoluciji kamkorderima sa Leica Dicomar objektivima, dronom i kori\u0161\u0107enjem Ronina, a postprodukciju realizuju na\u0111i stru\u010dnjaci sa vi\u0161edecenijskim sta\u017eom. TV produkcija G Pointa obuhvata dve TV emisije: emisiju &quot;Balkanorama&quot; posve\u0107enu turizmu i, u saradnji sa TV Subotica, [&hellip;]\" \/>\n<meta property=\"og:url\" content=\"https:\/\/gpoint.yunethosting.rs\/index.php\/filmska-i-tv-produkcija\/\" \/>\n<meta property=\"og:site_name\" content=\"G POINT\" \/>\n<meta property=\"article:modified_time\" content=\"2024-08-22T22:13:49+00:00\" \/>\n<meta name=\"twitter:card\" content=\"summary_large_image\" \/>\n<script type=\"application\/ld+json\" class=\"yoast-schema-graph\">{\"@context\":\"https:\/\/schema.org\",\"@graph\":[{\"@type\":\"WebPage\",\"@id\":\"https:\/\/gpoint.yunethosting.rs\/index.php\/filmska-i-tv-produkcija\/\",\"url\":\"https:\/\/gpoint.yunethosting.rs\/index.php\/filmska-i-tv-produkcija\/\",\"name\":\"FILMSKA I TV PRODUKCIJA - G POINT\",\"isPartOf\":{\"@id\":\"https:\/\/gpoint.yunethosting.rs\/#website\"},\"datePublished\":\"2024-07-22T11:08:19+00:00\",\"dateModified\":\"2024-08-22T22:13:49+00:00\",\"breadcrumb\":{\"@id\":\"https:\/\/gpoint.yunethosting.rs\/index.php\/filmska-i-tv-produkcija\/#breadcrumb\"},\"inLanguage\":\"en-US\",\"potentialAction\":[{\"@type\":\"ReadAction\",\"target\":[\"https:\/\/gpoint.yunethosting.rs\/index.php\/filmska-i-tv-produkcija\/\"]}]},{\"@type\":\"BreadcrumbList\",\"@id\":\"https:\/\/gpoint.yunethosting.rs\/index.php\/filmska-i-tv-produkcija\/#breadcrumb\",\"itemListElement\":[{\"@type\":\"ListItem\",\"position\":1,\"name\":\"Home\",\"item\":\"https:\/\/gpoint.yunethosting.rs\/\"},{\"@type\":\"ListItem\",\"position\":2,\"name\":\"FILMSKA I TV PRODUKCIJA\"}]},{\"@type\":\"WebSite\",\"@id\":\"https:\/\/gpoint.yunethosting.rs\/#website\",\"url\":\"https:\/\/gpoint.yunethosting.rs\/\",\"name\":\"G POINT\",\"description\":\"\",\"potentialAction\":[{\"@type\":\"SearchAction\",\"target\":{\"@type\":\"EntryPoint\",\"urlTemplate\":\"https:\/\/gpoint.yunethosting.rs\/?s={search_term_string}\"},\"query-input\":\"required name=search_term_string\"}],\"inLanguage\":\"en-US\"}]}<\/script>\n<!-- \/ Yoast SEO plugin. -->","yoast_head_json":{"title":"FILMSKA I TV PRODUKCIJA - G POINT","robots":{"index":"index","follow":"follow","max-snippet":"max-snippet:-1","max-image-preview":"max-image-preview:large","max-video-preview":"max-video-preview:-1"},"canonical":"https:\/\/gpoint.yunethosting.rs\/index.php\/filmska-i-tv-produkcija\/","og_locale":"en_US","og_type":"article","og_title":"FILMSKA I TV PRODUKCIJA - G POINT","og_description":"FILMSKA I TV PRODUKCIJA G Point je registrovan za filmsku i TV produkciju. Koristimo savremenu tehniku, snimamo u 4K rezoluciji kamkorderima sa Leica Dicomar objektivima, dronom i kori\u0161\u0107enjem Ronina, a postprodukciju realizuju na\u0111i stru\u010dnjaci sa vi\u0161edecenijskim sta\u017eom. TV produkcija G Pointa obuhvata dve TV emisije: emisiju \"Balkanorama\" posve\u0107enu turizmu i, u saradnji sa TV Subotica, [&hellip;]","og_url":"https:\/\/gpoint.yunethosting.rs\/index.php\/filmska-i-tv-produkcija\/","og_site_name":"G POINT","article_modified_time":"2024-08-22T22:13:49+00:00","twitter_card":"summary_large_image","schema":{"@context":"https:\/\/schema.org","@graph":[{"@type":"WebPage","@id":"https:\/\/gpoint.yunethosting.rs\/index.php\/filmska-i-tv-produkcija\/","url":"https:\/\/gpoint.yunethosting.rs\/index.php\/filmska-i-tv-produkcija\/","name":"FILMSKA I TV PRODUKCIJA - G POINT","isPartOf":{"@id":"https:\/\/gpoint.yunethosting.rs\/#website"},"datePublished":"2024-07-22T11:08:19+00:00","dateModified":"2024-08-22T22:13:49+00:00","breadcrumb":{"@id":"https:\/\/gpoint.yunethosting.rs\/index.php\/filmska-i-tv-produkcija\/#breadcrumb"},"inLanguage":"en-US","potentialAction":[{"@type":"ReadAction","target":["https:\/\/gpoint.yunethosting.rs\/index.php\/filmska-i-tv-produkcija\/"]}]},{"@type":"BreadcrumbList","@id":"https:\/\/gpoint.yunethosting.rs\/index.php\/filmska-i-tv-produkcija\/#breadcrumb","itemListElement":[{"@type":"ListItem","position":1,"name":"Home","item":"https:\/\/gpoint.yunethosting.rs\/"},{"@type":"ListItem","position":2,"name":"FILMSKA I TV PRODUKCIJA"}]},{"@type":"WebSite","@id":"https:\/\/gpoint.yunethosting.rs\/#website","url":"https:\/\/gpoint.yunethosting.rs\/","name":"G POINT","description":"","potentialAction":[{"@type":"SearchAction","target":{"@type":"EntryPoint","urlTemplate":"https:\/\/gpoint.yunethosting.rs\/?s={search_term_string}"},"query-input":"required name=search_term_string"}],"inLanguage":"en-US"}]}},"_links":{"self":[{"href":"https:\/\/gpoint.yunethosting.rs\/index.php\/wp-json\/wp\/v2\/pages\/48","targetHints":{"allow":["GET"]}}],"collection":[{"href":"https:\/\/gpoint.yunethosting.rs\/index.php\/wp-json\/wp\/v2\/pages"}],"about":[{"href":"https:\/\/gpoint.yunethosting.rs\/index.php\/wp-json\/wp\/v2\/types\/page"}],"author":[{"embeddable":true,"href":"https:\/\/gpoint.yunethosting.rs\/index.php\/wp-json\/wp\/v2\/users\/2"}],"replies":[{"embeddable":true,"href":"https:\/\/gpoint.yunethosting.rs\/index.php\/wp-json\/wp\/v2\/comments?post=48"}],"version-history":[{"count":13,"href":"https:\/\/gpoint.yunethosting.rs\/index.php\/wp-json\/wp\/v2\/pages\/48\/revisions"}],"predecessor-version":[{"id":318,"href":"https:\/\/gpoint.yunethosting.rs\/index.php\/wp-json\/wp\/v2\/pages\/48\/revisions\/318"}],"wp:attachment":[{"href":"https:\/\/gpoint.yunethosting.rs\/index.php\/wp-json\/wp\/v2\/media?parent=48"}],"curies":[{"name":"wp","href":"https:\/\/api.w.org\/{rel}","templated":true}]}}