{"id":45,"date":"2024-07-22T11:05:41","date_gmt":"2024-07-22T11:05:41","guid":{"rendered":"https:\/\/gpoint.yunethosting.rs\/?page_id=45"},"modified":"2024-08-23T00:25:43","modified_gmt":"2024-08-22T22:25:43","slug":"usluge","status":"publish","type":"page","link":"https:\/\/gpoint.yunethosting.rs\/","title":{"rendered":"USLUGE"},"content":{"rendered":"<p>[et_pb_section fb_built=&#8221;1&#8243; fullwidth=&#8221;on&#8221; _builder_version=&#8221;4.23.4&#8243; _module_preset=&#8221;default&#8221; global_colors_info=&#8221;{}&#8221;][et_pb_fullwidth_image src=&#8221;https:\/\/gpoint.yunethosting.rs\/wp-content\/uploads\/2024\/07\/heder-G-Point.jpg&#8221; title_text=&#8221;heder G Point&#8221; _builder_version=&#8221;4.23.4&#8243; _module_preset=&#8221;default&#8221; global_colors_info=&#8221;{}&#8221;][\/et_pb_fullwidth_image][\/et_pb_section][et_pb_section fb_built=&#8221;1&#8243; _builder_version=&#8221;4.16&#8243; global_colors_info=&#8221;{}&#8221;][et_pb_row column_structure=&#8221;3_4,1_4&#8243; _builder_version=&#8221;4.16&#8243; background_size=&#8221;initial&#8221; background_position=&#8221;top_left&#8221; background_repeat=&#8221;repeat&#8221; global_colors_info=&#8221;{}&#8221;][et_pb_column type=&#8221;3_4&#8243; _builder_version=&#8221;4.16&#8243; custom_padding=&#8221;|||&#8221; global_colors_info=&#8221;{}&#8221; custom_padding__hover=&#8221;|||&#8221;][et_pb_text _builder_version=&#8221;4.16&#8243; background_size=&#8221;initial&#8221; background_position=&#8221;top_left&#8221; background_repeat=&#8221;repeat&#8221; global_colors_info=&#8221;{}&#8221;]<!-- divi:paragraph --><\/p>\n<p>Anga\u017eovanjem sopstvenih kadrova i dokazanih profesionalaca, OCD G Point od 2015. godine, pored organizacije konferencija, predavanja, radionica i manifestacija, u okviru svoje privredne delatnosti pru\u017ea usluge:\u00a0<\/p>\n<ul>\n<li style=\"list-style-type: none;\">\n<ul>\n<li>Medijskog pra\u0107enja klijenata<\/li>\n<li>Filmske i TV produkcije<\/li>\n<li>Projektovanja, dizajna, izrade i razvoja veb portala<\/li>\n<li>Vo\u0111enje dru\u0161tvenih mre\u017ea \u2013 dizajn vizuala, kopirajting, strategija komunikacije\u2026<\/li>\n<li>Grafi\u010dkog i veb dizajna<\/li>\n<li>Pisanja projekata<\/li>\n<li>Prevoda: engleski i francuski jezik<\/li>\n<\/ul>\n<\/li>\n<\/ul>\n<p><!-- \/divi:paragraph -->[\/et_pb_text][\/et_pb_column][et_pb_column type=&#8221;1_4&#8243; _builder_version=&#8221;4.16&#8243; custom_padding=&#8221;|||&#8221; global_colors_info=&#8221;{}&#8221; custom_padding__hover=&#8221;|||&#8221;][et_pb_image src=&#8221;https:\/\/gpoint.yunethosting.rs\/wp-content\/uploads\/2024\/07\/balkanorama.jpeg&#8221; title_text=&#8221;balkanorama&#8221; url=&#8221;https:\/\/youtu.be\/kFt7E_ApDJ4&#8243; url_new_window=&#8221;on&#8221; _builder_version=&#8221;4.27.0&#8243; _module_preset=&#8221;default&#8221; global_colors_info=&#8221;{}&#8221;][\/et_pb_image][et_pb_image src=&#8221;https:\/\/gpoint.yunethosting.rs\/wp-content\/uploads\/2024\/07\/mariniranje.jpeg&#8221; title_text=&#8221;mariniranje&#8221; url=&#8221;http:\/\/mariniranje.rs&#8221; url_new_window=&#8221;on&#8221; _builder_version=&#8221;4.27.0&#8243; _module_preset=&#8221;default&#8221; global_colors_info=&#8221;{}&#8221;][\/et_pb_image][\/et_pb_column][\/et_pb_row][\/et_pb_section]<\/p>\n","protected":false},"excerpt":{"rendered":"<p>Anga\u017eovanjem sopstvenih kadrova i dokazanih profesionalaca, OCD G Point od 2015. godine, pored organizacije konferencija, predavanja, radionica i manifestacija, u okviru svoje privredne delatnosti pru\u017ea usluge:\u00a0 Medijskog pra\u0107enja klijenata Filmske i TV produkcije Projektovanja, dizajna, izrade i razvoja veb portala Vo\u0111enje dru\u0161tvenih mre\u017ea \u2013 dizajn vizuala, kopirajting, strategija komunikacije\u2026 Grafi\u010dkog i veb dizajna Pisanja projekata [&hellip;]<\/p>\n","protected":false},"author":2,"featured_media":0,"parent":0,"menu_order":0,"comment_status":"closed","ping_status":"closed","template":"","meta":{"_et_pb_use_builder":"on","_et_pb_old_content":"<!-- wp:paragraph -->\n<p>Anga\u017eovanjem sopstvenih kadrova i dokazanih profesionalaca, OCD G Point od 2015. godine, pored organizacije konferencija, predavanja, radionica i manifestacija, u okviru svoje privredne delatnosti pru\u017ea usluge:<\/p>\n<!-- \/wp:paragraph -->\n\n<!-- wp:list {\"ordered\":true} -->\n<ol class=\"wp-block-list\"><!-- wp:list-item -->\n<li>Medijskog pra\u0107enja klijenata<\/li>\n<!-- \/wp:list-item -->\n\n<!-- wp:list-item -->\n<li>Filmske i TV produkcije<\/li>\n<!-- \/wp:list-item -->\n\n<!-- wp:list-item -->\n<li>Projektovanja, dizajna, izrade i razvoja veb portala<\/li>\n<!-- \/wp:list-item -->\n\n<!-- wp:list-item -->\n<li>Vo\u0111enje dru\u0161tvenih mre\u017ea - dizajn vizuala, kopirajting, strategija komunikacije...<\/li>\n<!-- \/wp:list-item -->\n\n<!-- wp:list-item -->\n<li>Grafi\u010dkog i veb dizajna<\/li>\n<!-- \/wp:list-item -->\n\n<!-- wp:list-item -->\n<li>Pisanja projekata<\/li>\n<!-- \/wp:list-item -->\n\n<!-- wp:list-item -->\n<li>Prevoda: engleski i francuski jezik<\/li>\n<!-- \/wp:list-item --><\/ol>\n<!-- \/wp:list -->","_et_gb_content_width":"","footnotes":""},"class_list":["post-45","page","type-page","status-publish","hentry"],"yoast_head":"<!-- This site is optimized with the Yoast SEO plugin v23.3 - https:\/\/yoast.com\/wordpress\/plugins\/seo\/ -->\n<title>USLUGE - G POINT<\/title>\n<meta name=\"robots\" content=\"index, follow, max-snippet:-1, max-image-preview:large, max-video-preview:-1\" \/>\n<link rel=\"canonical\" href=\"https:\/\/gpoint.yunethosting.rs\/\" \/>\n<meta property=\"og:locale\" content=\"en_US\" \/>\n<meta property=\"og:type\" content=\"article\" \/>\n<meta property=\"og:title\" content=\"USLUGE - G POINT\" \/>\n<meta property=\"og:description\" content=\"Anga\u017eovanjem sopstvenih kadrova i dokazanih profesionalaca, OCD G Point od 2015. godine, pored organizacije konferencija, predavanja, radionica i manifestacija, u okviru svoje privredne delatnosti pru\u017ea usluge:\u00a0 Medijskog pra\u0107enja klijenata Filmske i TV produkcije Projektovanja, dizajna, izrade i razvoja veb portala Vo\u0111enje dru\u0161tvenih mre\u017ea \u2013 dizajn vizuala, kopirajting, strategija komunikacije\u2026 Grafi\u010dkog i veb dizajna Pisanja projekata [&hellip;]\" \/>\n<meta property=\"og:url\" content=\"https:\/\/gpoint.yunethosting.rs\/\" \/>\n<meta property=\"og:site_name\" content=\"G POINT\" \/>\n<meta property=\"article:modified_time\" content=\"2024-08-22T22:25:43+00:00\" \/>\n<meta name=\"twitter:card\" content=\"summary_large_image\" \/>\n<meta name=\"twitter:label1\" content=\"Est. reading time\" \/>\n\t<meta name=\"twitter:data1\" content=\"1 minute\" \/>\n<script type=\"application\/ld+json\" class=\"yoast-schema-graph\">{\"@context\":\"https:\/\/schema.org\",\"@graph\":[{\"@type\":\"WebPage\",\"@id\":\"https:\/\/gpoint.yunethosting.rs\/\",\"url\":\"https:\/\/gpoint.yunethosting.rs\/\",\"name\":\"USLUGE - G POINT\",\"isPartOf\":{\"@id\":\"https:\/\/gpoint.yunethosting.rs\/#website\"},\"datePublished\":\"2024-07-22T11:05:41+00:00\",\"dateModified\":\"2024-08-22T22:25:43+00:00\",\"breadcrumb\":{\"@id\":\"https:\/\/gpoint.yunethosting.rs\/#breadcrumb\"},\"inLanguage\":\"en-US\",\"potentialAction\":[{\"@type\":\"ReadAction\",\"target\":[\"https:\/\/gpoint.yunethosting.rs\/\"]}]},{\"@type\":\"BreadcrumbList\",\"@id\":\"https:\/\/gpoint.yunethosting.rs\/#breadcrumb\",\"itemListElement\":[{\"@type\":\"ListItem\",\"position\":1,\"name\":\"Home\",\"item\":\"https:\/\/gpoint.yunethosting.rs\/\"},{\"@type\":\"ListItem\",\"position\":2,\"name\":\"USLUGE\"}]},{\"@type\":\"WebSite\",\"@id\":\"https:\/\/gpoint.yunethosting.rs\/#website\",\"url\":\"https:\/\/gpoint.yunethosting.rs\/\",\"name\":\"G POINT\",\"description\":\"\",\"potentialAction\":[{\"@type\":\"SearchAction\",\"target\":{\"@type\":\"EntryPoint\",\"urlTemplate\":\"https:\/\/gpoint.yunethosting.rs\/?s={search_term_string}\"},\"query-input\":\"required name=search_term_string\"}],\"inLanguage\":\"en-US\"}]}<\/script>\n<!-- \/ Yoast SEO plugin. -->","yoast_head_json":{"title":"USLUGE - G POINT","robots":{"index":"index","follow":"follow","max-snippet":"max-snippet:-1","max-image-preview":"max-image-preview:large","max-video-preview":"max-video-preview:-1"},"canonical":"https:\/\/gpoint.yunethosting.rs\/","og_locale":"en_US","og_type":"article","og_title":"USLUGE - G POINT","og_description":"Anga\u017eovanjem sopstvenih kadrova i dokazanih profesionalaca, OCD G Point od 2015. godine, pored organizacije konferencija, predavanja, radionica i manifestacija, u okviru svoje privredne delatnosti pru\u017ea usluge:\u00a0 Medijskog pra\u0107enja klijenata Filmske i TV produkcije Projektovanja, dizajna, izrade i razvoja veb portala Vo\u0111enje dru\u0161tvenih mre\u017ea \u2013 dizajn vizuala, kopirajting, strategija komunikacije\u2026 Grafi\u010dkog i veb dizajna Pisanja projekata [&hellip;]","og_url":"https:\/\/gpoint.yunethosting.rs\/","og_site_name":"G POINT","article_modified_time":"2024-08-22T22:25:43+00:00","twitter_card":"summary_large_image","twitter_misc":{"Est. reading time":"1 minute"},"schema":{"@context":"https:\/\/schema.org","@graph":[{"@type":"WebPage","@id":"https:\/\/gpoint.yunethosting.rs\/","url":"https:\/\/gpoint.yunethosting.rs\/","name":"USLUGE - G POINT","isPartOf":{"@id":"https:\/\/gpoint.yunethosting.rs\/#website"},"datePublished":"2024-07-22T11:05:41+00:00","dateModified":"2024-08-22T22:25:43+00:00","breadcrumb":{"@id":"https:\/\/gpoint.yunethosting.rs\/#breadcrumb"},"inLanguage":"en-US","potentialAction":[{"@type":"ReadAction","target":["https:\/\/gpoint.yunethosting.rs\/"]}]},{"@type":"BreadcrumbList","@id":"https:\/\/gpoint.yunethosting.rs\/#breadcrumb","itemListElement":[{"@type":"ListItem","position":1,"name":"Home","item":"https:\/\/gpoint.yunethosting.rs\/"},{"@type":"ListItem","position":2,"name":"USLUGE"}]},{"@type":"WebSite","@id":"https:\/\/gpoint.yunethosting.rs\/#website","url":"https:\/\/gpoint.yunethosting.rs\/","name":"G POINT","description":"","potentialAction":[{"@type":"SearchAction","target":{"@type":"EntryPoint","urlTemplate":"https:\/\/gpoint.yunethosting.rs\/?s={search_term_string}"},"query-input":"required name=search_term_string"}],"inLanguage":"en-US"}]}},"_links":{"self":[{"href":"https:\/\/gpoint.yunethosting.rs\/index.php\/wp-json\/wp\/v2\/pages\/45","targetHints":{"allow":["GET"]}}],"collection":[{"href":"https:\/\/gpoint.yunethosting.rs\/index.php\/wp-json\/wp\/v2\/pages"}],"about":[{"href":"https:\/\/gpoint.yunethosting.rs\/index.php\/wp-json\/wp\/v2\/types\/page"}],"author":[{"embeddable":true,"href":"https:\/\/gpoint.yunethosting.rs\/index.php\/wp-json\/wp\/v2\/users\/2"}],"replies":[{"embeddable":true,"href":"https:\/\/gpoint.yunethosting.rs\/index.php\/wp-json\/wp\/v2\/comments?post=45"}],"version-history":[{"count":12,"href":"https:\/\/gpoint.yunethosting.rs\/index.php\/wp-json\/wp\/v2\/pages\/45\/revisions"}],"predecessor-version":[{"id":332,"href":"https:\/\/gpoint.yunethosting.rs\/index.php\/wp-json\/wp\/v2\/pages\/45\/revisions\/332"}],"wp:attachment":[{"href":"https:\/\/gpoint.yunethosting.rs\/index.php\/wp-json\/wp\/v2\/media?parent=45"}],"curies":[{"name":"wp","href":"https:\/\/api.w.org\/{rel}","templated":true}]}}