{"id":18,"date":"2024-01-11T16:56:51","date_gmt":"2024-01-11T16:56:51","guid":{"rendered":"https:\/\/gpoint.yunethosting.rs\/?page_id=18"},"modified":"2024-08-23T00:15:44","modified_gmt":"2024-08-22T22:15:44","slug":"projekti","status":"publish","type":"page","link":"https:\/\/gpoint.yunethosting.rs\/index.php\/projekti\/","title":{"rendered":"PROJEKTI"},"content":{"rendered":"<p>[et_pb_section fb_built=&#8221;1&#8243; fullwidth=&#8221;on&#8221; _builder_version=&#8221;4.23.4&#8243; _module_preset=&#8221;default&#8221; global_colors_info=&#8221;{}&#8221;][et_pb_fullwidth_image src=&#8221;https:\/\/gpoint.yunethosting.rs\/wp-content\/uploads\/2024\/07\/heder-G-Point.jpg&#8221; title_text=&#8221;heder G Point&#8221; _builder_version=&#8221;4.23.4&#8243; _module_preset=&#8221;default&#8221; global_colors_info=&#8221;{}&#8221;][\/et_pb_fullwidth_image][\/et_pb_section][et_pb_section fb_built=&#8221;1&#8243; _builder_version=&#8221;4.16&#8243; locked=&#8221;off&#8221; global_colors_info=&#8221;{}&#8221;][et_pb_row column_structure=&#8221;3_4,1_4&#8243; _builder_version=&#8221;4.16&#8243; background_size=&#8221;initial&#8221; background_position=&#8221;top_left&#8221; background_repeat=&#8221;repeat&#8221; global_colors_info=&#8221;{}&#8221;][et_pb_column type=&#8221;3_4&#8243; _builder_version=&#8221;4.16&#8243; custom_padding=&#8221;|||&#8221; global_colors_info=&#8221;{}&#8221; custom_padding__hover=&#8221;|||&#8221;][et_pb_text _builder_version=&#8221;4.16&#8243; background_size=&#8221;initial&#8221; background_position=&#8221;top_left&#8221; background_repeat=&#8221;repeat&#8221; global_colors_info=&#8221;{}&#8221;]<!-- divi:paragraph --><\/p>\n<h1 data-sourcepos=\"1:1-1:14\" class=\"first-token\"><span><\/span><\/h1>\n<h1 data-sourcepos=\"1:1-1:14\" class=\"first-token\"><span>PROJEKTI I PROJEKTNO SUFINANSIRANJE<\/span><\/h1>\n<p data-sourcepos=\"1:1-1:14\" class=\"first-token\" style=\"text-align: justify;\"><span style=\"font-size: 14px; text-align: justify;\">Pisanje projekata je ve\u0161tina koja podrazumeva multidisciplinarne ve\u0161tine. <span>G Point obezbe\u0111uje <strong>obuke za pisanje projekata<\/strong>, ali i <strong>uslu\u017eno kreiranje projekata. <\/strong>G Point poseduje vi\u0161egodi\u0161nje uskustvo u projektnom finasiranju, a njegovi \u010dlanovi su bili prededavaju\u0107i u mnogo komisija koje odlu\u010duju u projektnom finansiranju.<\/span><\/span><\/p>\n<p data-sourcepos=\"1:1-1:14\" class=\"first-token\" style=\"text-align: justify;\"><span style=\"font-size: 14px; text-align: justify;\">Prilikom pisanja projekta potrebno je da defini\u0161ete cilj projekta, odredite, na osnovu istra\u017eivanja i merljivih podataka problem sa kojim se ciljne grupe susre\u0107u i na\u010din na koji se mo\u017ee doprineti predupre\u0111enju nastanka takvog problema, njegovom re\u0161avanju, ili ubla\u017eavanju posledica koje takav problem mo\u017ee izazvati.<\/span><\/p>\n<p data-sourcepos=\"1:1-1:14\" class=\"first-token\" style=\"text-align: justify;\"><span style=\"font-size: 14px; text-align: justify;\">Potrebno je jasno i precizno odrediti plan realizacije projektnih aktivnosti. P<span>rojekt mora biti jasan,<\/span><span> sa\u017eet i dobro strukturiran.<\/span><span> Trebao bi uklju\u010divati sve relevantne informacije o cilju, svrsi i zna\u010daju projektu,<\/span><span> uklju\u010duju\u0107i cilj,<\/span><span> metodologiju,<\/span><span> o\u010dekivane rezultate i njihove merljive indikatore, \u0161ansu za dalju odr\u017eivost, domet kojim projekat deluje na primarnu i sekundarne ciljne grupe i zaklju\u010dke izvedene iz predvi\u0111enog plana.<\/span><\/span><\/p>\n<p style=\"text-align: justify;\"><span>Jezik projekta mora biti jasan i sa\u017eet, lektorisan, bez<\/span><span style=\"font-size: 14px;\"> \u017eargonskih i tehni\u010dkih izraza, uz kori\u0161\u0107enje primera i podataka koji podr\u017eavaju tvrdnje izne\u0161ene u projektu.Po\u017eeljno je koristiti v<\/span><span style=\"font-size: 14px;\">izualne elemente, kakav je gantogram ili neka druga vrsta grafikona.<\/span><\/p>\n<p data-sourcepos=\"1:1-1:14\" class=\"first-token\" style=\"text-align: justify;\">Pored toga, mora se precizno odrediti bud\u017eet neophodan za realizaciju projekta, odnos sredstava sufinansijera i sopstvenog u\u010de\u0161\u0107a, kao i vrstu anga\u017eovanih pravnih subjekata i pojedinaca anga\u017eovanih na njegovoj realizaciji.<span style=\"font-size: 14px; text-align: justify;\"><span><\/span><\/span><\/p>\n<p data-sourcepos=\"1:1-1:14\" class=\"first-token\" style=\"text-align: justify;\"><span style=\"font-size: 14px; text-align: justify;\"><span>Ukoliko mislite da ne posedujete dovoljno znanja i sposobnosti za samostalno pisanje projekata, ili jednostavno nemate vremena da se bavite ovim slo\u017eenim\u00a0 poslom obratite nam se.<\/span><\/span><\/p>\n<p><!-- \/divi:paragraph -->[\/et_pb_text][\/et_pb_column][et_pb_column type=&#8221;1_4&#8243; _builder_version=&#8221;4.16&#8243; custom_padding=&#8221;|||&#8221; global_colors_info=&#8221;{}&#8221; custom_padding__hover=&#8221;|||&#8221;][et_pb_image src=&#8221;https:\/\/gpoint.yunethosting.rs\/wp-content\/uploads\/2024\/07\/balkanorama.jpeg&#8221; title_text=&#8221;balkanorama&#8221; url=&#8221;https:\/\/youtu.be\/kFt7E_ApDJ4&#8243; url_new_window=&#8221;on&#8221; _builder_version=&#8221;4.27.0&#8243; _module_preset=&#8221;default&#8221; global_colors_info=&#8221;{}&#8221;][\/et_pb_image][et_pb_image src=&#8221;https:\/\/gpoint.yunethosting.rs\/wp-content\/uploads\/2024\/07\/mariniranje.jpeg&#8221; title_text=&#8221;mariniranje&#8221; url=&#8221;http:\/\/mariniranje.rs&#8221; url_new_window=&#8221;on&#8221; _builder_version=&#8221;4.27.0&#8243; _module_preset=&#8221;default&#8221; global_colors_info=&#8221;{}&#8221;][\/et_pb_image][\/et_pb_column][\/et_pb_row][\/et_pb_section]<\/p>\n","protected":false},"excerpt":{"rendered":"<p>PROJEKTI I PROJEKTNO SUFINANSIRANJE Pisanje projekata je ve\u0161tina koja podrazumeva multidisciplinarne ve\u0161tine. G Point obezbe\u0111uje obuke za pisanje projekata, ali i uslu\u017eno kreiranje projekata. G Point poseduje vi\u0161egodi\u0161nje uskustvo u projektnom finasiranju, a njegovi \u010dlanovi su bili prededavaju\u0107i u mnogo komisija koje odlu\u010duju u projektnom finansiranju. Prilikom pisanja projekta potrebno je da defini\u0161ete cilj projekta, [&hellip;]<\/p>\n","protected":false},"author":2,"featured_media":0,"parent":0,"menu_order":0,"comment_status":"closed","ping_status":"closed","template":"","meta":{"_et_pb_use_builder":"on","_et_pb_old_content":"<!-- wp:paragraph -->\n<p><strong>KLIMA \u010cUDNE ZUBE IMA<\/strong><\/p>\n<!-- \/wp:paragraph -->\n\n<!-- wp:paragraph -->\n<p><strong>PREDUZETNICE VOJVODINE<\/strong><\/p>\n<!-- \/wp:paragraph -->\n\n<!-- wp:paragraph -->\n<p><strong>NOVOSA\u0110ENJE<\/strong><\/p>\n<!-- \/wp:paragraph -->\n\n<!-- wp:paragraph -->\n<p><strong>ROGALJ<\/strong><\/p>\n<!-- \/wp:paragraph -->\n\n<!-- wp:paragraph -->\n<p><strong>VOJVODINA 2023<\/strong><\/p>\n<!-- \/wp:paragraph -->\n\n<!-- wp:paragraph -->\n<p><strong>MEDIJI I TURIZAM<\/strong><\/p>\n<!-- \/wp:paragraph -->\n\n<!-- wp:paragraph -->\n<p><strong>DVORCI VOJVODINE<\/strong><\/p>\n<!-- \/wp:paragraph -->\n\n<!-- wp:paragraph -->\n<p><strong>NOVOSADSKE PRI\u010cE<\/strong><\/p>\n<!-- \/wp:paragraph -->\n\n<!-- wp:paragraph -->\n<p><strong>NOVI SAD KROZ VREME<\/strong><\/p>\n<!-- \/wp:paragraph -->","_et_gb_content_width":"","footnotes":""},"class_list":["post-18","page","type-page","status-publish","hentry"],"yoast_head":"<!-- This site is optimized with the Yoast SEO plugin v23.3 - https:\/\/yoast.com\/wordpress\/plugins\/seo\/ -->\n<title>PROJEKTI - G POINT<\/title>\n<meta name=\"robots\" content=\"index, follow, max-snippet:-1, max-image-preview:large, max-video-preview:-1\" \/>\n<link rel=\"canonical\" href=\"https:\/\/gpoint.yunethosting.rs\/index.php\/projekti\/\" \/>\n<meta property=\"og:locale\" content=\"en_US\" \/>\n<meta property=\"og:type\" content=\"article\" \/>\n<meta property=\"og:title\" content=\"PROJEKTI - G POINT\" \/>\n<meta property=\"og:description\" content=\"PROJEKTI I PROJEKTNO SUFINANSIRANJE Pisanje projekata je ve\u0161tina koja podrazumeva multidisciplinarne ve\u0161tine. G Point obezbe\u0111uje obuke za pisanje projekata, ali i uslu\u017eno kreiranje projekata. G Point poseduje vi\u0161egodi\u0161nje uskustvo u projektnom finasiranju, a njegovi \u010dlanovi su bili prededavaju\u0107i u mnogo komisija koje odlu\u010duju u projektnom finansiranju. Prilikom pisanja projekta potrebno je da defini\u0161ete cilj projekta, [&hellip;]\" \/>\n<meta property=\"og:url\" content=\"https:\/\/gpoint.yunethosting.rs\/index.php\/projekti\/\" \/>\n<meta property=\"og:site_name\" content=\"G POINT\" \/>\n<meta property=\"article:modified_time\" content=\"2024-08-22T22:15:44+00:00\" \/>\n<meta name=\"twitter:card\" content=\"summary_large_image\" \/>\n<meta name=\"twitter:label1\" content=\"Est. reading time\" \/>\n\t<meta name=\"twitter:data1\" content=\"1 minute\" \/>\n<script type=\"application\/ld+json\" class=\"yoast-schema-graph\">{\"@context\":\"https:\/\/schema.org\",\"@graph\":[{\"@type\":\"WebPage\",\"@id\":\"https:\/\/gpoint.yunethosting.rs\/index.php\/projekti\/\",\"url\":\"https:\/\/gpoint.yunethosting.rs\/index.php\/projekti\/\",\"name\":\"PROJEKTI - G POINT\",\"isPartOf\":{\"@id\":\"https:\/\/gpoint.yunethosting.rs\/#website\"},\"datePublished\":\"2024-01-11T16:56:51+00:00\",\"dateModified\":\"2024-08-22T22:15:44+00:00\",\"breadcrumb\":{\"@id\":\"https:\/\/gpoint.yunethosting.rs\/index.php\/projekti\/#breadcrumb\"},\"inLanguage\":\"en-US\",\"potentialAction\":[{\"@type\":\"ReadAction\",\"target\":[\"https:\/\/gpoint.yunethosting.rs\/index.php\/projekti\/\"]}]},{\"@type\":\"BreadcrumbList\",\"@id\":\"https:\/\/gpoint.yunethosting.rs\/index.php\/projekti\/#breadcrumb\",\"itemListElement\":[{\"@type\":\"ListItem\",\"position\":1,\"name\":\"Home\",\"item\":\"https:\/\/gpoint.yunethosting.rs\/\"},{\"@type\":\"ListItem\",\"position\":2,\"name\":\"PROJEKTI\"}]},{\"@type\":\"WebSite\",\"@id\":\"https:\/\/gpoint.yunethosting.rs\/#website\",\"url\":\"https:\/\/gpoint.yunethosting.rs\/\",\"name\":\"G POINT\",\"description\":\"\",\"potentialAction\":[{\"@type\":\"SearchAction\",\"target\":{\"@type\":\"EntryPoint\",\"urlTemplate\":\"https:\/\/gpoint.yunethosting.rs\/?s={search_term_string}\"},\"query-input\":\"required name=search_term_string\"}],\"inLanguage\":\"en-US\"}]}<\/script>\n<!-- \/ Yoast SEO plugin. -->","yoast_head_json":{"title":"PROJEKTI - G POINT","robots":{"index":"index","follow":"follow","max-snippet":"max-snippet:-1","max-image-preview":"max-image-preview:large","max-video-preview":"max-video-preview:-1"},"canonical":"https:\/\/gpoint.yunethosting.rs\/index.php\/projekti\/","og_locale":"en_US","og_type":"article","og_title":"PROJEKTI - G POINT","og_description":"PROJEKTI I PROJEKTNO SUFINANSIRANJE Pisanje projekata je ve\u0161tina koja podrazumeva multidisciplinarne ve\u0161tine. G Point obezbe\u0111uje obuke za pisanje projekata, ali i uslu\u017eno kreiranje projekata. G Point poseduje vi\u0161egodi\u0161nje uskustvo u projektnom finasiranju, a njegovi \u010dlanovi su bili prededavaju\u0107i u mnogo komisija koje odlu\u010duju u projektnom finansiranju. Prilikom pisanja projekta potrebno je da defini\u0161ete cilj projekta, [&hellip;]","og_url":"https:\/\/gpoint.yunethosting.rs\/index.php\/projekti\/","og_site_name":"G POINT","article_modified_time":"2024-08-22T22:15:44+00:00","twitter_card":"summary_large_image","twitter_misc":{"Est. reading time":"1 minute"},"schema":{"@context":"https:\/\/schema.org","@graph":[{"@type":"WebPage","@id":"https:\/\/gpoint.yunethosting.rs\/index.php\/projekti\/","url":"https:\/\/gpoint.yunethosting.rs\/index.php\/projekti\/","name":"PROJEKTI - G POINT","isPartOf":{"@id":"https:\/\/gpoint.yunethosting.rs\/#website"},"datePublished":"2024-01-11T16:56:51+00:00","dateModified":"2024-08-22T22:15:44+00:00","breadcrumb":{"@id":"https:\/\/gpoint.yunethosting.rs\/index.php\/projekti\/#breadcrumb"},"inLanguage":"en-US","potentialAction":[{"@type":"ReadAction","target":["https:\/\/gpoint.yunethosting.rs\/index.php\/projekti\/"]}]},{"@type":"BreadcrumbList","@id":"https:\/\/gpoint.yunethosting.rs\/index.php\/projekti\/#breadcrumb","itemListElement":[{"@type":"ListItem","position":1,"name":"Home","item":"https:\/\/gpoint.yunethosting.rs\/"},{"@type":"ListItem","position":2,"name":"PROJEKTI"}]},{"@type":"WebSite","@id":"https:\/\/gpoint.yunethosting.rs\/#website","url":"https:\/\/gpoint.yunethosting.rs\/","name":"G POINT","description":"","potentialAction":[{"@type":"SearchAction","target":{"@type":"EntryPoint","urlTemplate":"https:\/\/gpoint.yunethosting.rs\/?s={search_term_string}"},"query-input":"required name=search_term_string"}],"inLanguage":"en-US"}]}},"_links":{"self":[{"href":"https:\/\/gpoint.yunethosting.rs\/index.php\/wp-json\/wp\/v2\/pages\/18","targetHints":{"allow":["GET"]}}],"collection":[{"href":"https:\/\/gpoint.yunethosting.rs\/index.php\/wp-json\/wp\/v2\/pages"}],"about":[{"href":"https:\/\/gpoint.yunethosting.rs\/index.php\/wp-json\/wp\/v2\/types\/page"}],"author":[{"embeddable":true,"href":"https:\/\/gpoint.yunethosting.rs\/index.php\/wp-json\/wp\/v2\/users\/2"}],"replies":[{"embeddable":true,"href":"https:\/\/gpoint.yunethosting.rs\/index.php\/wp-json\/wp\/v2\/comments?post=18"}],"version-history":[{"count":10,"href":"https:\/\/gpoint.yunethosting.rs\/index.php\/wp-json\/wp\/v2\/pages\/18\/revisions"}],"predecessor-version":[{"id":320,"href":"https:\/\/gpoint.yunethosting.rs\/index.php\/wp-json\/wp\/v2\/pages\/18\/revisions\/320"}],"wp:attachment":[{"href":"https:\/\/gpoint.yunethosting.rs\/index.php\/wp-json\/wp\/v2\/media?parent=18"}],"curies":[{"name":"wp","href":"https:\/\/api.w.org\/{rel}","templated":true}]}}