{"id":12,"date":"2024-01-11T16:53:51","date_gmt":"2024-01-11T16:53:51","guid":{"rendered":"https:\/\/gpoint.yunethosting.rs\/?page_id=12"},"modified":"2024-07-24T00:44:40","modified_gmt":"2024-07-23T22:44:40","slug":"oblasti-delovanja","status":"publish","type":"page","link":"https:\/\/gpoint.yunethosting.rs\/index.php\/oblasti-delovanja\/","title":{"rendered":"OBLASTI DELOVANJA"},"content":{"rendered":"<p>[et_pb_section fb_built=&#8221;1&#8243; fullwidth=&#8221;on&#8221; _builder_version=&#8221;4.23.4&#8243; _module_preset=&#8221;default&#8221; global_colors_info=&#8221;{}&#8221; theme_builder_area=&#8221;post_content&#8221;][et_pb_fullwidth_image src=&#8221;https:\/\/gpoint.yunethosting.rs\/wp-content\/uploads\/2024\/07\/heder-G-Point.jpg&#8221; title_text=&#8221;heder G Point&#8221; _builder_version=&#8221;4.23.4&#8243; _module_preset=&#8221;default&#8221; global_colors_info=&#8221;{}&#8221; theme_builder_area=&#8221;post_content&#8221;][\/et_pb_fullwidth_image][\/et_pb_section][et_pb_section fb_built=&#8221;1&#8243; _builder_version=&#8221;4.16&#8243; global_colors_info=&#8221;{}&#8221; theme_builder_area=&#8221;post_content&#8221;][et_pb_row column_structure=&#8221;3_4,1_4&#8243; _builder_version=&#8221;4.16&#8243; background_size=&#8221;initial&#8221; background_position=&#8221;top_left&#8221; background_repeat=&#8221;repeat&#8221; global_colors_info=&#8221;{}&#8221; theme_builder_area=&#8221;post_content&#8221;][et_pb_column type=&#8221;3_4&#8243; _builder_version=&#8221;4.16&#8243; custom_padding=&#8221;|||&#8221; global_colors_info=&#8221;{}&#8221; custom_padding__hover=&#8221;|||&#8221; theme_builder_area=&#8221;post_content&#8221;][et_pb_text _builder_version=&#8221;4.27.0&#8243; _module_preset=&#8221;default&#8221; global_colors_info=&#8221;{}&#8221; theme_builder_area=&#8221;post_content&#8221;]<\/p>\n<h1 class=\"entry-title main_title\">OBLASTI DELOVANJA<\/h1>\n<div class=\"entry-content\">\n<p>1. \u041aultura i umetnost \u2013 istra\u017eivanje, dokumentovanje, za\u0161tita, negovanje i promocija arheolo\u0161kog, materijalnog i nematerijalnog kulturnog nasle\u0111a, promocija i popularizacija saremenog kulturnog i umetni\u010dkog stvarala\u0161tva i kulturno-umetni\u010dka me\u0111unarodna razmena kulturnih poslenika i umetni\u010dkih stvaralaca;<\/p>\n<p>2. Javno informisanje na srpskom jeziku i jezicima manjinskih nacionalnih zajednica, unapre\u0111enje kvaliteta javnog informisanja, promovisanje i uvo\u0111enje evropskih standarda i vrednosti u oblasti javnog informisanja;<\/p>\n<p>3. Obrazovanje na srpskom jeziku i jezicima manjinskih nacionalnih zajednica, promocija savremenih metoda institucionalnog i vaninstitucionalnog obrazovanja, u\u010denja na daljinu i obrazovanja tokom celog \u017eivota;<\/p>\n<p>4. Turizam \u2013 promocija receptivnog turizma i podizanje nivoa turisti\u010dkih i ugostiteljskih usluga, edukacije mladih za rad u turizmu, organizovanje privrednih manifestacija, izlo\u017ebi, sajmova i promocija privrednih delatnosti.<\/p>\n<p>5. Privreda \u2013 organizovanje privrednih manifestacija, izlo\u017ebi, sajmova i promocija privrednih delatnosti, sa fokusom na osna\u017eivanje pojedinaca i grupa za osnivanje novih privednih subjekata, prvenstveno samostalnih zanatskih i uslu\u017enih delatnosti, malih i srednjih preduze\u0107a i strukovnih udru\u017eenja i klastera;<\/p>\n<p>6. Poljoprivreda \u2013 organizovanje privrednih manifestacija, izlo\u017ebi, sajmova i promocija privrednih delatnosti, promocija i edukcija u oblasti poljoprivrede, razvoj novih elektronskih servisa u funkciji poljoprivrede;<\/p>\n<p>7. Ekologija \u2013 razvoj i popularizacija ekolo\u0161ke svesti kroz obrazovne i edukativne procese sa posebnim fokusom na medijsku promociju va\u017enosti za\u0161tite i o\u010duvanja \u017eivotne sredine;<\/p>\n<p>8. Energetika \u2013 edukacija u oblasti energetike i energetske efikasnosti i promovisanje obnovljivih izvora energije;<\/p>\n<p>9. Zdravstvo \u2013 edukacija iz oblasti zdravstva, prvenstveno popularizaija zdravstvene preventive;<\/p>\n<p>10. Razvoj rodne ravnopravnosti i ravnoravnosti marginalizovanih grupa \u2013 promovisanje i uvo\u0111enje evropskih standarda i vrednosti u proces razvoja rodne ravnopravnosti i ravnoravnosti marginalizovanih grupa i doprinos u oblasti socijalne za\u0161tite i zapo\u0161ljavanja putem osna\u017eivanja \u017eena, socijalno ugro\u017eenih i marginalizovanih grupa;<\/p>\n<p>11. Politika za mlade \u2013 edukacija mladih i razvoj digitalne, tehnolo\u0161ke i medijske pismenostii kao sastavnog dla op\u0161te kulture i neophodnih li\u010dnih ve\u0161tina svih gra\u0111ana, a prvenstveno mladih;<\/p>\n<p>12. Evropske integracije \u2013 doprinos podizanju nivoa dru\u0161tvene svesti o zna\u010daju uvo\u0111enja evropskih standarda i vrednosti u sve oblasti dru\u0161tvenog i privrednog \u017eivota, u cilju br\u017eeg napretka Republike Srbije na putu u\u010dlanjenja u EU;<\/p>\n<\/div>\n<p>[\/et_pb_text][\/et_pb_column][et_pb_column type=&#8221;1_4&#8243; _builder_version=&#8221;4.16&#8243; custom_padding=&#8221;|||&#8221; global_colors_info=&#8221;{}&#8221; custom_padding__hover=&#8221;|||&#8221; theme_builder_area=&#8221;post_content&#8221;][et_pb_image src=&#8221;https:\/\/gpoint.yunethosting.rs\/wp-content\/uploads\/2024\/07\/vojvodjanski.jpeg&#8221; title_text=&#8221;vojvodjanski&#8221; _builder_version=&#8221;4.27.0&#8243; _module_preset=&#8221;default&#8221; global_colors_info=&#8221;{}&#8221; theme_builder_area=&#8221;post_content&#8221;][\/et_pb_image][et_pb_image src=&#8221;https:\/\/gpoint.yunethosting.rs\/wp-content\/uploads\/2024\/07\/scenovizija.jpeg&#8221; title_text=&#8221;scenovizija&#8221; _builder_version=&#8221;4.27.0&#8243; _module_preset=&#8221;default&#8221; global_colors_info=&#8221;{}&#8221; theme_builder_area=&#8221;post_content&#8221;][\/et_pb_image][et_pb_image src=&#8221;https:\/\/gpoint.yunethosting.rs\/wp-content\/uploads\/2024\/07\/eventsinserbia.jpeg&#8221; title_text=&#8221;eventsinserbia&#8221; _builder_version=&#8221;4.27.0&#8243; _module_preset=&#8221;default&#8221; global_colors_info=&#8221;{}&#8221; theme_builder_area=&#8221;post_content&#8221;][\/et_pb_image][et_pb_image src=&#8221;https:\/\/gpoint.yunethosting.rs\/wp-content\/uploads\/2024\/07\/srbija-koju-volim.jpeg&#8221; title_text=&#8221;srbija koju volim&#8221; _builder_version=&#8221;4.27.0&#8243; _module_preset=&#8221;default&#8221; global_colors_info=&#8221;{}&#8221; theme_builder_area=&#8221;post_content&#8221;][\/et_pb_image][et_pb_image src=&#8221;https:\/\/gpoint.yunethosting.rs\/wp-content\/uploads\/2024\/07\/turisticka-prizma.jpeg&#8221; title_text=&#8221;turisti\u010dka prizma&#8221; _builder_version=&#8221;4.27.0&#8243; _module_preset=&#8221;default&#8221; global_colors_info=&#8221;{}&#8221; theme_builder_area=&#8221;post_content&#8221;][\/et_pb_image][et_pb_image src=&#8221;https:\/\/gpoint.yunethosting.rs\/wp-content\/uploads\/2024\/07\/istn.jpeg&#8221; title_text=&#8221;istn&#8221; _builder_version=&#8221;4.27.0&#8243; _module_preset=&#8221;default&#8221; global_colors_info=&#8221;{}&#8221; theme_builder_area=&#8221;post_content&#8221;][\/et_pb_image][\/et_pb_column][\/et_pb_row][\/et_pb_section]<\/p>\n","protected":false},"excerpt":{"rendered":"<p>OBLASTI DELOVANJA 1. \u041aultura i umetnost \u2013 istra\u017eivanje, dokumentovanje, za\u0161tita, negovanje i promocija arheolo\u0161kog, materijalnog i nematerijalnog kulturnog nasle\u0111a, promocija i popularizacija saremenog kulturnog i umetni\u010dkog stvarala\u0161tva i kulturno-umetni\u010dka me\u0111unarodna razmena kulturnih poslenika i umetni\u010dkih stvaralaca; 2. Javno informisanje na srpskom jeziku i jezicima manjinskih nacionalnih zajednica, unapre\u0111enje kvaliteta javnog informisanja, promovisanje i uvo\u0111enje evropskih [&hellip;]<\/p>\n","protected":false},"author":2,"featured_media":0,"parent":0,"menu_order":0,"comment_status":"closed","ping_status":"closed","template":"","meta":{"_et_pb_use_builder":"on","_et_pb_old_content":"<!-- wp:paragraph -->\n<p>1. \u041aultura i umetnost \u2013 istra\u017eivanje, dokumentovanje, za\u0161tita, negovanje i promocija arheolo\u0161kog, materijalnog i nematerijalnog kulturnog nasle\u0111a, promocija i popularizacija saremenog kulturnog i umetni\u010dkog stvarala\u0161tva i kulturno-umetni\u010dka me\u0111unarodna razmena kulturnih poslenika i umetni\u010dkih stvaralaca;<\/p>\n<!-- \/wp:paragraph -->\n\n<!-- wp:paragraph -->\n<p>2. Javno informisanje na srpskom jeziku i jezicima manjinskih nacionalnih zajednica, unapre\u0111enje kvaliteta javnog informisanja, promovisanje i uvo\u0111enje evropskih standarda i vrednosti u oblasti javnog informisanja;<\/p>\n<!-- \/wp:paragraph -->\n\n<!-- wp:paragraph -->\n<p>3. Obrazovanje na srpskom jeziku i jezicima manjinskih nacionalnih zajednica, promocija savremenih metoda institucionalnog i vaninstitucionalnog obrazovanja, u\u010denja na daljinu i obrazovanja tokom celog \u017eivota;<\/p>\n<!-- \/wp:paragraph -->\n\n<!-- wp:paragraph -->\n<p>4. Turizam \u2013 promocija receptivnog turizma i podizanje nivoa turisti\u010dkih i ugostiteljskih usluga, edukacije mladih za rad u turizmu, organizovanje privrednih manifestacija, izlo\u017ebi, sajmova i promocija privrednih delatnosti.<\/p>\n<!-- \/wp:paragraph -->\n\n<!-- wp:paragraph -->\n<p>5. Privreda \u2013 organizovanje privrednih manifestacija, izlo\u017ebi, sajmova i promocija privrednih delatnosti, sa fokusom na osna\u017eivanje pojedinaca i grupa za osnivanje novih privednih subjekata, prvenstveno samostalnih zanatskih i uslu\u017enih delatnosti, malih i srednjih preduze\u0107a i strukovnih udru\u017eenja i klastera;<\/p>\n<!-- \/wp:paragraph -->\n\n<!-- wp:paragraph -->\n<p>6. Poljoprivreda - organizovanje privrednih manifestacija, izlo\u017ebi, sajmova i promocija privrednih delatnosti, promocija i edukcija u oblasti poljoprivrede, razvoj novih elektronskih servisa u funkciji poljoprivrede;<\/p>\n<!-- \/wp:paragraph -->\n\n<!-- wp:paragraph -->\n<p>7. Ekologija \u2013 razvoj i popularizacija ekolo\u0161ke svesti kroz obrazovne i edukativne procese sa posebnim fokusom na medijsku promociju va\u017enosti za\u0161tite i o\u010duvanja \u017eivotne sredine;<\/p>\n<!-- \/wp:paragraph -->\n\n<!-- wp:paragraph -->\n<p>8. Energetika - edukacija u oblasti energetike i energetske efikasnosti i promovisanje obnovljivih izvora energije;<\/p>\n<!-- \/wp:paragraph -->\n\n<!-- wp:paragraph -->\n<p>9. Zdravstvo - edukacija iz oblasti zdravstva, prvenstveno popularizaija zdravstvene preventive;<\/p>\n<!-- \/wp:paragraph -->\n\n<!-- wp:paragraph -->\n<p>10. Razvoj rodne ravnopravnosti i ravnoravnosti marginalizovanih grupa - promovisanje i uvo\u0111enje evropskih standarda i vrednosti u proces razvoja rodne ravnopravnosti i ravnoravnosti marginalizovanih grupa i doprinos u oblasti socijalne za\u0161tite i zapo\u0161ljavanja putem osna\u017eivanja \u017eena, socijalno ugro\u017eenih i marginalizovanih grupa;<\/p>\n<!-- \/wp:paragraph -->\n\n<!-- wp:paragraph -->\n<p>11. Politika za mlade \u2013 edukacija mladih i razvoj digitalne, tehnolo\u0161ke i medijske pismenostii kao sastavnog dla op\u0161te kulture i neophodnih li\u010dnih ve\u0161tina svih gra\u0111ana, a prvenstveno mladih;<\/p>\n<!-- \/wp:paragraph -->\n\n<!-- wp:paragraph -->\n<p>12. Evropske integracije - doprinos podizanju nivoa dru\u0161tvene svesti o zna\u010daju uvo\u0111enja evropskih standarda i vrednosti u sve oblasti dru\u0161tvenog i privrednog \u017eivota, u cilju br\u017eeg napretka Republike Srbije na putu u\u010dlanjenja u EU;<\/p>\n<!-- \/wp:paragraph -->","_et_gb_content_width":"","footnotes":""},"class_list":["post-12","page","type-page","status-publish","hentry"],"yoast_head":"<!-- This site is optimized with the Yoast SEO plugin v23.3 - https:\/\/yoast.com\/wordpress\/plugins\/seo\/ -->\n<title>OBLASTI DELOVANJA - G POINT<\/title>\n<meta name=\"robots\" content=\"index, follow, max-snippet:-1, max-image-preview:large, max-video-preview:-1\" \/>\n<link rel=\"canonical\" href=\"https:\/\/gpoint.yunethosting.rs\/index.php\/oblasti-delovanja\/\" \/>\n<meta property=\"og:locale\" content=\"en_US\" \/>\n<meta property=\"og:type\" content=\"article\" \/>\n<meta property=\"og:title\" content=\"OBLASTI DELOVANJA - G POINT\" \/>\n<meta property=\"og:description\" content=\"OBLASTI DELOVANJA 1. \u041aultura i umetnost \u2013 istra\u017eivanje, dokumentovanje, za\u0161tita, negovanje i promocija arheolo\u0161kog, materijalnog i nematerijalnog kulturnog nasle\u0111a, promocija i popularizacija saremenog kulturnog i umetni\u010dkog stvarala\u0161tva i kulturno-umetni\u010dka me\u0111unarodna razmena kulturnih poslenika i umetni\u010dkih stvaralaca; 2. Javno informisanje na srpskom jeziku i jezicima manjinskih nacionalnih zajednica, unapre\u0111enje kvaliteta javnog informisanja, promovisanje i uvo\u0111enje evropskih [&hellip;]\" \/>\n<meta property=\"og:url\" content=\"https:\/\/gpoint.yunethosting.rs\/index.php\/oblasti-delovanja\/\" \/>\n<meta property=\"og:site_name\" content=\"G POINT\" \/>\n<meta property=\"article:modified_time\" content=\"2024-07-23T22:44:40+00:00\" \/>\n<meta name=\"twitter:card\" content=\"summary_large_image\" \/>\n<meta name=\"twitter:label1\" content=\"Est. reading time\" \/>\n\t<meta name=\"twitter:data1\" content=\"2 minutes\" \/>\n<script type=\"application\/ld+json\" class=\"yoast-schema-graph\">{\"@context\":\"https:\/\/schema.org\",\"@graph\":[{\"@type\":\"WebPage\",\"@id\":\"https:\/\/gpoint.yunethosting.rs\/index.php\/oblasti-delovanja\/\",\"url\":\"https:\/\/gpoint.yunethosting.rs\/index.php\/oblasti-delovanja\/\",\"name\":\"OBLASTI DELOVANJA - G POINT\",\"isPartOf\":{\"@id\":\"https:\/\/gpoint.yunethosting.rs\/#website\"},\"datePublished\":\"2024-01-11T16:53:51+00:00\",\"dateModified\":\"2024-07-23T22:44:40+00:00\",\"breadcrumb\":{\"@id\":\"https:\/\/gpoint.yunethosting.rs\/index.php\/oblasti-delovanja\/#breadcrumb\"},\"inLanguage\":\"en-US\",\"potentialAction\":[{\"@type\":\"ReadAction\",\"target\":[\"https:\/\/gpoint.yunethosting.rs\/index.php\/oblasti-delovanja\/\"]}]},{\"@type\":\"BreadcrumbList\",\"@id\":\"https:\/\/gpoint.yunethosting.rs\/index.php\/oblasti-delovanja\/#breadcrumb\",\"itemListElement\":[{\"@type\":\"ListItem\",\"position\":1,\"name\":\"Home\",\"item\":\"https:\/\/gpoint.yunethosting.rs\/\"},{\"@type\":\"ListItem\",\"position\":2,\"name\":\"OBLASTI DELOVANJA\"}]},{\"@type\":\"WebSite\",\"@id\":\"https:\/\/gpoint.yunethosting.rs\/#website\",\"url\":\"https:\/\/gpoint.yunethosting.rs\/\",\"name\":\"G POINT\",\"description\":\"\",\"potentialAction\":[{\"@type\":\"SearchAction\",\"target\":{\"@type\":\"EntryPoint\",\"urlTemplate\":\"https:\/\/gpoint.yunethosting.rs\/?s={search_term_string}\"},\"query-input\":\"required name=search_term_string\"}],\"inLanguage\":\"en-US\"}]}<\/script>\n<!-- \/ Yoast SEO plugin. -->","yoast_head_json":{"title":"OBLASTI DELOVANJA - G POINT","robots":{"index":"index","follow":"follow","max-snippet":"max-snippet:-1","max-image-preview":"max-image-preview:large","max-video-preview":"max-video-preview:-1"},"canonical":"https:\/\/gpoint.yunethosting.rs\/index.php\/oblasti-delovanja\/","og_locale":"en_US","og_type":"article","og_title":"OBLASTI DELOVANJA - G POINT","og_description":"OBLASTI DELOVANJA 1. \u041aultura i umetnost \u2013 istra\u017eivanje, dokumentovanje, za\u0161tita, negovanje i promocija arheolo\u0161kog, materijalnog i nematerijalnog kulturnog nasle\u0111a, promocija i popularizacija saremenog kulturnog i umetni\u010dkog stvarala\u0161tva i kulturno-umetni\u010dka me\u0111unarodna razmena kulturnih poslenika i umetni\u010dkih stvaralaca; 2. Javno informisanje na srpskom jeziku i jezicima manjinskih nacionalnih zajednica, unapre\u0111enje kvaliteta javnog informisanja, promovisanje i uvo\u0111enje evropskih [&hellip;]","og_url":"https:\/\/gpoint.yunethosting.rs\/index.php\/oblasti-delovanja\/","og_site_name":"G POINT","article_modified_time":"2024-07-23T22:44:40+00:00","twitter_card":"summary_large_image","twitter_misc":{"Est. reading time":"2 minutes"},"schema":{"@context":"https:\/\/schema.org","@graph":[{"@type":"WebPage","@id":"https:\/\/gpoint.yunethosting.rs\/index.php\/oblasti-delovanja\/","url":"https:\/\/gpoint.yunethosting.rs\/index.php\/oblasti-delovanja\/","name":"OBLASTI DELOVANJA - G POINT","isPartOf":{"@id":"https:\/\/gpoint.yunethosting.rs\/#website"},"datePublished":"2024-01-11T16:53:51+00:00","dateModified":"2024-07-23T22:44:40+00:00","breadcrumb":{"@id":"https:\/\/gpoint.yunethosting.rs\/index.php\/oblasti-delovanja\/#breadcrumb"},"inLanguage":"en-US","potentialAction":[{"@type":"ReadAction","target":["https:\/\/gpoint.yunethosting.rs\/index.php\/oblasti-delovanja\/"]}]},{"@type":"BreadcrumbList","@id":"https:\/\/gpoint.yunethosting.rs\/index.php\/oblasti-delovanja\/#breadcrumb","itemListElement":[{"@type":"ListItem","position":1,"name":"Home","item":"https:\/\/gpoint.yunethosting.rs\/"},{"@type":"ListItem","position":2,"name":"OBLASTI DELOVANJA"}]},{"@type":"WebSite","@id":"https:\/\/gpoint.yunethosting.rs\/#website","url":"https:\/\/gpoint.yunethosting.rs\/","name":"G POINT","description":"","potentialAction":[{"@type":"SearchAction","target":{"@type":"EntryPoint","urlTemplate":"https:\/\/gpoint.yunethosting.rs\/?s={search_term_string}"},"query-input":"required name=search_term_string"}],"inLanguage":"en-US"}]}},"_links":{"self":[{"href":"https:\/\/gpoint.yunethosting.rs\/index.php\/wp-json\/wp\/v2\/pages\/12","targetHints":{"allow":["GET"]}}],"collection":[{"href":"https:\/\/gpoint.yunethosting.rs\/index.php\/wp-json\/wp\/v2\/pages"}],"about":[{"href":"https:\/\/gpoint.yunethosting.rs\/index.php\/wp-json\/wp\/v2\/types\/page"}],"author":[{"embeddable":true,"href":"https:\/\/gpoint.yunethosting.rs\/index.php\/wp-json\/wp\/v2\/users\/2"}],"replies":[{"embeddable":true,"href":"https:\/\/gpoint.yunethosting.rs\/index.php\/wp-json\/wp\/v2\/comments?post=12"}],"version-history":[{"count":4,"href":"https:\/\/gpoint.yunethosting.rs\/index.php\/wp-json\/wp\/v2\/pages\/12\/revisions"}],"predecessor-version":[{"id":137,"href":"https:\/\/gpoint.yunethosting.rs\/index.php\/wp-json\/wp\/v2\/pages\/12\/revisions\/137"}],"wp:attachment":[{"href":"https:\/\/gpoint.yunethosting.rs\/index.php\/wp-json\/wp\/v2\/media?parent=12"}],"curies":[{"name":"wp","href":"https:\/\/api.w.org\/{rel}","templated":true}]}}